{"id":156,"date":"2025-05-14T18:10:26","date_gmt":"2025-05-14T15:10:26","guid":{"rendered":"https:\/\/www.bybulut.com\/?post_type=product&#038;p=156"},"modified":"2026-04-07T15:35:27","modified_gmt":"2026-04-07T12:35:27","slug":"3lu-t-light","status":"publish","type":"product","link":"https:\/\/www.bybulut.com\/index.php\/urun\/3lu-t-light\/","title":{"rendered":"3&#8217;L\u00dc T-LIGHT"},"content":{"rendered":"<p>&nbsp;<\/p>\n<p>EV\u0130N\u0130ZE TAZE B\u0130R VAN\u0130LYA ES\u0130NT\u0130S\u0130 GET\u0130R\u0130N! BU EL YAPIMI VAN\u0130LYA JEL MUM, FERAHLATICI KOKUSU VE \u015eIK TASARIMIYLA YA\u015eAM ALANLARINIZA ESTET\u0130K B\u0130R DOKUNU\u015e SUNAR.<\/p>\n<p>\u00dcR\u00dcN \u00d6ZELL\u0130KLER\u0130:<\/p>\n<p>%100 EL YAPIMI<\/p>\n<p>\u00d6ZEL FORM\u00dcLL\u00dc JEL MUM<\/p>\n<p>VAN\u0130LYA ESANSLI<\/p>\n<p>MERMER DESENL\u0130 BETON KAPLAR<\/p>\n<p>S\u0130YAH TA\u015e S\u00dcSLEMEL\u0130<\/p>\n<p>MODERN VE M\u0130ST\u0130K TASARIM<\/p>\n<p>BULUT TASARIM KAL\u0130TES\u0130<\/p>\n<p>KULLANIM ALANLARI:<br \/>\nEV DEKORASYONU, BANYO ESTET\u0130\u011e\u0130, AROMATERAP\u0130, \u00d6ZEL G\u00dcNLER, HED\u0130YEL\u0130K VE AMB\u0130YANS MUMU OLARAK\u00a0\u0130DEALD\u0130R.<\/p>\n<p>&nbsp;<\/p>\n<p>T\u00dcM MUMLARIMIZ DO\u011eAL \u0130\u00c7ER\u0130KLERLE \u00dcRET\u0130L\u0130R VE S\u0130PAR\u0130\u015eE \u00d6ZEL D\u00d6K\u00dcL\u00dcR.<\/p>\n<p>NOT: \u00dcR\u00dcNLER EL YAPIMIDIR; BU NEDENLE G\u00d6RSELLERLE B\u0130REB\u0130R UFAK FARKLILIKLAR\u00a0G\u00d6STEREB\u0130L\u0130R<\/p>\n","protected":false},"excerpt":{"rendered":"<p>BODRUM MANDAL\u0130NAL\u0130 JEL MUM | EL YAPIMI DEKORAT\u0130F KOKULU MUM | MERMER DESENL\u0130 BETON KAPTA | DO\u011eAL AROMA<\/p>\n<p>BULUT TASARIM<\/p>\n<p>&nbsp;<\/p>\n","protected":false},"featured_media":157,"comment_status":"open","ping_status":"closed","template":"","meta":[],"product_brand":[],"product_cat":[16],"product_tag":[],"class_list":{"0":"post-156","1":"product","2":"type-product","3":"status-publish","4":"has-post-thumbnail","6":"product_cat-genel","8":"first","9":"instock","10":"purchasable","11":"product-type-simple"},"jetpack_sharing_enabled":true,"_links":{"self":[{"href":"https:\/\/www.bybulut.com\/index.php\/wp-json\/wp\/v2\/product\/156","targetHints":{"allow":["GET"]}}],"collection":[{"href":"https:\/\/www.bybulut.com\/index.php\/wp-json\/wp\/v2\/product"}],"about":[{"href":"https:\/\/www.bybulut.com\/index.php\/wp-json\/wp\/v2\/types\/product"}],"replies":[{"embeddable":true,"href":"https:\/\/www.bybulut.com\/index.php\/wp-json\/wp\/v2\/comments?post=156"}],"wp:featuredmedia":[{"embeddable":true,"href":"https:\/\/www.bybulut.com\/index.php\/wp-json\/wp\/v2\/media\/157"}],"wp:attachment":[{"href":"https:\/\/www.bybulut.com\/index.php\/wp-json\/wp\/v2\/media?parent=156"}],"wp:term":[{"taxonomy":"product_brand","embeddable":true,"href":"https:\/\/www.bybulut.com\/index.php\/wp-json\/wp\/v2\/product_brand?post=156"},{"taxonomy":"product_cat","embeddable":true,"href":"https:\/\/www.bybulut.com\/index.php\/wp-json\/wp\/v2\/product_cat?post=156"},{"taxonomy":"product_tag","embeddable":true,"href":"https:\/\/www.bybulut.com\/index.php\/wp-json\/wp\/v2\/product_tag?post=156"}],"curies":[{"name":"wp","href":"https:\/\/api.w.org\/{rel}","templated":true}]}}