{"id":495,"date":"2025-07-09T21:17:46","date_gmt":"2025-07-09T18:17:46","guid":{"rendered":"https:\/\/www.bybulut.com\/?post_type=product&#038;p=495"},"modified":"2026-04-07T15:32:50","modified_gmt":"2026-04-07T12:32:50","slug":"premium-gul-formunda-yasmin-kokulu-mum","status":"publish","type":"product","link":"https:\/\/www.bybulut.com\/index.php\/urun\/premium-gul-formunda-yasmin-kokulu-mum\/","title":{"rendered":"PREMIUM G\u00dcL FORMUNDA VAN\u0130LYA KOKULU MUM"},"content":{"rendered":"<p>&nbsp;<\/p>\n<p>DO\u011eANIN ZARAFET\u0130N\u0130 VE VAN\u0130LYA&#8217;NIN B\u00dcY\u00dcLEY\u0130C\u0130 KOKUSUNU EV\u0130N\u0130ZE TA\u015eIYIN. EL YAPIMI BU \u00d6ZEL MUM, ZAR\u0130F PEMBE G\u00dcL FORMU \u0130LE HEM \u015eIK B\u0130R DEKORAT\u0130F PAR\u00c7A HEM DE HUZUR VEREN B\u0130R KOKU DENEY\u0130M\u0130 SUNAR. TA\u015e KAP \u0130\u00c7\u0130NDE \u00d6ZENLE D\u00d6K\u00dcLM\u00dc\u015e SOYA-PARAF\u0130N KARI\u015eIMIYLA UZUN S\u00dcREL\u0130 YANMA SA\u011eLAR. GL\u0130TTER DETAYLARIYLA I\u015eIKTA PARLAYAN BU MUM, BANYOLARDA, YATAK ODALARINDA YA DA HED\u0130YE OLARAK TERC\u0130H ED\u0130LEB\u0130L\u0130R.<\/p>\n<p>\ud83c\udf3f DO\u011eAL VAN\u0130LYA ESANSI<br \/>\n\ud83d\udd6f EL YAPIMI G\u00dcL FORMU<br \/>\n\ud83d\udda4 EL D\u00d6K\u00dcM\u00dc TA\u015e KAP \u2013 TEKRAR KULLANILAB\u0130L\u0130R<br \/>\n\ud83c\udf81 \u015eIK SUNUMU \u0130LE HED\u0130YEL\u0130K SE\u00c7ENEK<\/p>\n<p>BULUTTASARIM \u0130MZASIYLA \u00dcRET\u0130LEN BU \u00d6ZEL TASARIM, AMB\u0130YANSINIZI G\u00dcZELLE\u015eT\u0130R\u0130R<\/p>\n<p>&nbsp;<\/p>\n<p>T\u00dcM \u00dcR\u00dcNLER\u0130M\u0130Z DO\u011eAL \u0130\u00c7ER\u0130KLERLE \u00dcRET\u0130L\u0130R VE S\u0130PAR\u0130\u015eE \u00d6ZEL D\u00d6K\u00dcL\u00dcR.<\/p>\n<p>NOT: \u00dcR\u00dcNLER EL YAPIMIDIR; BU NEDENLE G\u00d6RSELLERLE B\u0130REB\u0130R UFAK FARKLILIKLAR G\u00d6STEREB\u0130L\u0130R.<\/p>\n","protected":false},"excerpt":{"rendered":"<p>\ud83c\udf81 \u015eIK SUNUMU \u0130LE HED\u0130YEL\u0130K SE\u00c7ENEK.<\/p>\n","protected":false},"featured_media":496,"comment_status":"open","ping_status":"closed","template":"","meta":[],"product_brand":[],"product_cat":[16],"product_tag":[],"class_list":{"0":"post-495","1":"product","2":"type-product","3":"status-publish","4":"has-post-thumbnail","6":"product_cat-genel","8":"first","9":"instock","10":"shipping-taxable","11":"purchasable","12":"product-type-simple"},"jetpack_sharing_enabled":true,"_links":{"self":[{"href":"https:\/\/www.bybulut.com\/index.php\/wp-json\/wp\/v2\/product\/495","targetHints":{"allow":["GET"]}}],"collection":[{"href":"https:\/\/www.bybulut.com\/index.php\/wp-json\/wp\/v2\/product"}],"about":[{"href":"https:\/\/www.bybulut.com\/index.php\/wp-json\/wp\/v2\/types\/product"}],"replies":[{"embeddable":true,"href":"https:\/\/www.bybulut.com\/index.php\/wp-json\/wp\/v2\/comments?post=495"}],"wp:featuredmedia":[{"embeddable":true,"href":"https:\/\/www.bybulut.com\/index.php\/wp-json\/wp\/v2\/media\/496"}],"wp:attachment":[{"href":"https:\/\/www.bybulut.com\/index.php\/wp-json\/wp\/v2\/media?parent=495"}],"wp:term":[{"taxonomy":"product_brand","embeddable":true,"href":"https:\/\/www.bybulut.com\/index.php\/wp-json\/wp\/v2\/product_brand?post=495"},{"taxonomy":"product_cat","embeddable":true,"href":"https:\/\/www.bybulut.com\/index.php\/wp-json\/wp\/v2\/product_cat?post=495"},{"taxonomy":"product_tag","embeddable":true,"href":"https:\/\/www.bybulut.com\/index.php\/wp-json\/wp\/v2\/product_tag?post=495"}],"curies":[{"name":"wp","href":"https:\/\/api.w.org\/{rel}","templated":true}]}}