{"id":629,"date":"2025-10-13T00:11:19","date_gmt":"2025-10-12T21:11:19","guid":{"rendered":"https:\/\/www.bybulut.com\/?post_type=product&#038;p=629"},"modified":"2026-04-07T15:27:58","modified_gmt":"2026-04-07T12:27:58","slug":"pembe-ayicik-mum-hastane-cikisi-bebek-ziyareti-hediyelik-mum","status":"publish","type":"product","link":"https:\/\/www.bybulut.com\/index.php\/urun\/pembe-ayicik-mum-hastane-cikisi-bebek-ziyareti-hediyelik-mum\/","title":{"rendered":"PEMBE AYICIK MUM \u2013 HASTANE \u00c7IKI\u015eI BEBEK Z\u0130YARET\u0130 HED\u0130YEL\u0130K MUM"},"content":{"rendered":"<p>YEN\u0130 DO\u011eAN BEBEK SEV\u0130NC\u0130N\u0130 PAYLA\u015eMANIN EN TATLI HAL\u0130!<\/p>\n<p>PEMBE AYICIK F\u0130G\u00dcRL\u00dc EL YAPIMI MUM, HASTANE \u00c7IKI\u015eLARINDA VE BEBEK Z\u0130YARETLER\u0130NDE SEVD\u0130KLER\u0130N\u0130ZE SUNULAB\u0130LECEK ZAR\u0130F B\u0130R HED\u0130YED\u0130R.<\/p>\n<p>T\u00dcL VE KURDELE DETAYLARIYLA \u015eIK B\u0130R G\u00d6R\u00dcN\u00dcM SUNAR.<\/p>\n<p>TAMAMEN EL D\u00d6K\u00dcM, DO\u011eAL MALZEMELERLE \u00dcRET\u0130LM\u0130\u015eT\u0130R.<\/p>\n<p>BEBEK MEVL\u00dcTLER\u0130, HASTANE Z\u0130YARETLER\u0130 VE \u00d6ZEL G\u00dcNLER \u0130\u00c7\u0130N M\u00dcKEMMEL B\u0130R SE\u00c7\u0130M.<\/p>\n<p>HEM G\u00d6Z ALICI HEM DE HUZUR VEREN B\u0130R HED\u0130YEL\u0130K.<\/p>\n<p>&nbsp;<\/p>\n<p>S\u0130PAR\u0130\u015e NOTUNA \u0130STED\u0130\u011e\u0130N\u0130Z RENG\u0130 BEL\u0130RT\u0130N\u0130Z.<\/p>\n<p>\u00dcR\u00dcN \u00c7OCUK A\u00c7ISINDAN KOKUSUZ YAPILMAKTADIR.<\/p>\n<p>TESL\u0130M S\u00dcRES\u0130 7-10 G\u00dcN ARASINDA S\u00dcRMEKTED\u0130R.<\/p>\n<p>&nbsp;<\/p>\n<p>&nbsp;<\/p>\n<blockquote>\n<h1><strong>\u00dcR\u00dcN M\u0130NUMUM S\u0130PAR\u0130\u015e M\u0130KTARI 25 ADETT\u0130R.TEKL\u0130 SATI\u015eI YOKTUR.<\/strong><\/h1>\n<\/blockquote>\n<p>&nbsp;<\/p>\n<p>T\u00dcM MUMLARIMIZ DO\u011eAL \u0130\u00c7ER\u0130KLERLE \u00dcRET\u0130L\u0130R VE S\u0130PAR\u0130\u015eE \u00d6ZEL D\u00d6K\u00dcL\u00dcR.<\/p>\n<p>NOT: \u00dcR\u00dcNLER EL YAPIMIDIR; BU NEDENLE G\u00d6RSELLERLE B\u0130REB\u0130R UFAK FARKLILIKLAR G\u00d6STEREB\u0130L\u0130R.<\/p>\n","protected":false},"excerpt":{"rendered":"<p>YEN\u0130 DO\u011eAN BEBEK SEV\u0130NC\u0130N\u0130 PAYLA\u015eMANIN EN TATLI HAL\u0130! PEMBE AYICIK F\u0130G\u00dcRL\u00dc EL YAPIMI MUM, HASTANE \u00c7IKI\u015eLARINDA VE BEBEK Z\u0130YARETLER\u0130NDE SEVD\u0130KLER\u0130N\u0130ZE SUNULAB\u0130LECEK ZAR\u0130F B\u0130R HED\u0130YED\u0130R. T\u00dcL VE KURDELE DETAYLARIYLA \u015eIK B\u0130R G\u00d6R\u00dcN\u00dcM SUNAR. TAMAMEN EL D\u00d6K\u00dcM, DO\u011eAL MALZEMELERLE \u00dcRET\u0130LM\u0130\u015eT\u0130R. BEBEK MEVL\u00dcTLER\u0130, HASTANE Z\u0130YARETLER\u0130 VE \u00d6ZEL G\u00dcNLER \u0130\u00c7\u0130N M\u00dcKEMMEL B\u0130R SE\u00c7\u0130M. HEM G\u00d6Z ALICI HEM DE HUZUR<\/p>\n<div class=\"more-link\">\n             <a href=\"https:\/\/www.bybulut.com\/index.php\/urun\/pembe-ayicik-mum-hastane-cikisi-bebek-ziyareti-hediyelik-mum\/\" class=\"btn btn-theme\">Okumaya devam et<i class=\"fa fa-fw fa-long-arrow-right\"><\/i><\/a>\n        <\/div>\n","protected":false},"featured_media":630,"comment_status":"open","ping_status":"closed","template":"","meta":[],"product_brand":[],"product_cat":[16],"product_tag":[],"class_list":{"0":"post-629","1":"product","2":"type-product","3":"status-publish","4":"has-post-thumbnail","6":"product_cat-genel","8":"first","9":"instock","10":"shipping-taxable","11":"purchasable","12":"product-type-simple"},"jetpack_sharing_enabled":true,"_links":{"self":[{"href":"https:\/\/www.bybulut.com\/index.php\/wp-json\/wp\/v2\/product\/629","targetHints":{"allow":["GET"]}}],"collection":[{"href":"https:\/\/www.bybulut.com\/index.php\/wp-json\/wp\/v2\/product"}],"about":[{"href":"https:\/\/www.bybulut.com\/index.php\/wp-json\/wp\/v2\/types\/product"}],"replies":[{"embeddable":true,"href":"https:\/\/www.bybulut.com\/index.php\/wp-json\/wp\/v2\/comments?post=629"}],"wp:featuredmedia":[{"embeddable":true,"href":"https:\/\/www.bybulut.com\/index.php\/wp-json\/wp\/v2\/media\/630"}],"wp:attachment":[{"href":"https:\/\/www.bybulut.com\/index.php\/wp-json\/wp\/v2\/media?parent=629"}],"wp:term":[{"taxonomy":"product_brand","embeddable":true,"href":"https:\/\/www.bybulut.com\/index.php\/wp-json\/wp\/v2\/product_brand?post=629"},{"taxonomy":"product_cat","embeddable":true,"href":"https:\/\/www.bybulut.com\/index.php\/wp-json\/wp\/v2\/product_cat?post=629"},{"taxonomy":"product_tag","embeddable":true,"href":"https:\/\/www.bybulut.com\/index.php\/wp-json\/wp\/v2\/product_tag?post=629"}],"curies":[{"name":"wp","href":"https:\/\/api.w.org\/{rel}","templated":true}]}}