{"id":657,"date":"2025-10-13T01:06:48","date_gmt":"2025-10-12T22:06:48","guid":{"rendered":"https:\/\/www.bybulut.com\/?post_type=product&#038;p=657"},"modified":"2026-04-07T15:24:46","modified_gmt":"2026-04-07T12:24:46","slug":"noel-pariltisi-cilek-kokulu-dekoratif-mum","status":"publish","type":"product","link":"https:\/\/www.bybulut.com\/index.php\/urun\/noel-pariltisi-cilek-kokulu-dekoratif-mum\/","title":{"rendered":"NOEL PARILTISI \u00c7\u0130LEK KOKULU DEKORAT\u0130F\u00a0MUM"},"content":{"rendered":"<p>\u00c7\u0130LEK KOKULU YILBA\u015eI \u00d6ZEL MUM \ud83c\udf84<\/p>\n<p>\u00c7\u0130LEK KOKULU YILBA\u015eI \u00d6ZEL MUM, EL YAPIMI VE DETAYLI TASARIMIYLA YEN\u0130 YIL RUHUNU EV\u0130N\u0130ZE TA\u015eIR.<\/p>\n<p>\u00dcZER\u0130NDEK\u0130 KIRMIZI S\u00dcS DETAYLARI, KOZALAK VE \u00c7AN F\u0130G\u00dcRLER\u0130YLE NOEL ATMOSFER\u0130N\u0130 M\u00dcKEMMEL \u015eEK\u0130LDE YANSITIR.<\/p>\n<p>\u00c7\u0130LEK KOKUSU SAYES\u0130NDE SICAK, RAHATLATICI VE DO\u011eAL B\u0130R KOKU YAYARAK ORTAMA HUZUR KATAR.<\/p>\n<p>YILBA\u015eI MASALARINDA, HED\u0130YE PAKETLER\u0130NDE VE DEKOR K\u00d6\u015eELER\u0130NDE KULLANILAB\u0130LECEK ZAR\u0130F B\u0130R SE\u00c7ENEK.<\/p>\n<p>TAMAMEN EL YAPIMI OLDU\u011eU \u0130\u00c7\u0130N HER B\u0130R MUM KEND\u0130NE \u00d6ZG\u00dcD\u00dcR.<\/p>\n<p>&nbsp;<\/p>\n<p>&nbsp;<\/p>\n<p>T\u00dcM \u00dcR\u00dcNLER\u0130M\u0130Z DO\u011eAL \u0130\u00c7ER\u0130KLERLE \u00dcRET\u0130L\u0130R VE S\u0130PAR\u0130\u015eE \u00d6ZEL D\u00d6K\u00dcL\u00dcR.<\/p>\n<p>NOT: \u00dcR\u00dcNLER EL YAPIMIDIR; BU NEDENLE G\u00d6RSELLERLE B\u0130REB\u0130R UFAK FARKLILIKLAR G\u00d6STEREB\u0130L\u0130R.<\/p>\n","protected":false},"excerpt":{"rendered":"<p>\u00c7\u0130LEK KOKULU YILBA\u015eI \u00d6ZEL MUM \ud83c\udf84 \u00c7\u0130LEK KOKULU YILBA\u015eI \u00d6ZEL MUM, EL YAPIMI VE DETAYLI TASARIMIYLA YEN\u0130 YIL RUHUNU EV\u0130N\u0130ZE TA\u015eIR. \u00dcZER\u0130NDEK\u0130 KIRMIZI S\u00dcS DETAYLARI, KOZALAK VE \u00c7AN F\u0130G\u00dcRLER\u0130YLE NOEL ATMOSFER\u0130N\u0130 M\u00dcKEMMEL \u015eEK\u0130LDE YANSITIR. \u00c7\u0130LEK KOKUSU SAYES\u0130NDE SICAK, RAHATLATICI VE DO\u011eAL B\u0130R KOKU YAYARAK ORTAMA HUZUR KATAR. YILBA\u015eI MASALARINDA, HED\u0130YE PAKETLER\u0130NDE VE DEKOR K\u00d6\u015eELER\u0130NDE KULLANILAB\u0130LECEK<\/p>\n<div class=\"more-link\">\n             <a href=\"https:\/\/www.bybulut.com\/index.php\/urun\/noel-pariltisi-cilek-kokulu-dekoratif-mum\/\" class=\"btn btn-theme\">Okumaya devam et<i class=\"fa fa-fw fa-long-arrow-right\"><\/i><\/a>\n        <\/div>\n","protected":false},"featured_media":658,"comment_status":"open","ping_status":"closed","template":"","meta":[],"product_brand":[],"product_cat":[16],"product_tag":[],"class_list":{"0":"post-657","1":"product","2":"type-product","3":"status-publish","4":"has-post-thumbnail","6":"product_cat-genel","8":"first","9":"instock","10":"shipping-taxable","11":"purchasable","12":"product-type-simple"},"jetpack_sharing_enabled":true,"_links":{"self":[{"href":"https:\/\/www.bybulut.com\/index.php\/wp-json\/wp\/v2\/product\/657","targetHints":{"allow":["GET"]}}],"collection":[{"href":"https:\/\/www.bybulut.com\/index.php\/wp-json\/wp\/v2\/product"}],"about":[{"href":"https:\/\/www.bybulut.com\/index.php\/wp-json\/wp\/v2\/types\/product"}],"replies":[{"embeddable":true,"href":"https:\/\/www.bybulut.com\/index.php\/wp-json\/wp\/v2\/comments?post=657"}],"wp:featuredmedia":[{"embeddable":true,"href":"https:\/\/www.bybulut.com\/index.php\/wp-json\/wp\/v2\/media\/658"}],"wp:attachment":[{"href":"https:\/\/www.bybulut.com\/index.php\/wp-json\/wp\/v2\/media?parent=657"}],"wp:term":[{"taxonomy":"product_brand","embeddable":true,"href":"https:\/\/www.bybulut.com\/index.php\/wp-json\/wp\/v2\/product_brand?post=657"},{"taxonomy":"product_cat","embeddable":true,"href":"https:\/\/www.bybulut.com\/index.php\/wp-json\/wp\/v2\/product_cat?post=657"},{"taxonomy":"product_tag","embeddable":true,"href":"https:\/\/www.bybulut.com\/index.php\/wp-json\/wp\/v2\/product_tag?post=657"}],"curies":[{"name":"wp","href":"https:\/\/api.w.org\/{rel}","templated":true}]}}