{"id":663,"date":"2025-10-13T01:17:30","date_gmt":"2025-10-12T22:17:30","guid":{"rendered":"https:\/\/www.bybulut.com\/?post_type=product&#038;p=663"},"modified":"2026-04-07T15:24:11","modified_gmt":"2026-04-07T12:24:11","slug":"yilbasi-bombasi-vanilya-kokulu-mum","status":"publish","type":"product","link":"https:\/\/www.bybulut.com\/index.php\/urun\/yilbasi-bombasi-vanilya-kokulu-mum\/","title":{"rendered":"YILBA\u015eI BOMBASI VAN\u0130LYA KOKULU MUM"},"content":{"rendered":"<p>&nbsp;<\/p>\n<p>YILBA\u015eI BOMBASI VAN\u0130LYA KOKULU MUM, YEN\u0130 YIL CO\u015eKUSUNU EV\u0130N\u0130ZE TA\u015eIYAN EL YAPIMI \u00d6ZEL TASARIM B\u0130R MUMDUR.<\/p>\n<p>YE\u015e\u0130L VE BEYAZ RENK GE\u00c7\u0130\u015eLER\u0130YLE KARLI B\u0130R NOEL KONSEPT\u0130N\u0130 ANDIRIRKEN, \u00dcZER\u0130NDEK\u0130 \u015eEKER KAMASI, HED\u0130YE KUTULARI, \u00c7AM A\u011eACI VE YILBA\u015eI S\u00dcSLER\u0130 \u0130LE TAM B\u0130R G\u00d6RSEL \u015e\u00d6LEN SUNAR.<\/p>\n<p>YO\u011eUN VAN\u0130LYA KOKUSUYLA ORTAMA SICAKLIK VE FERAHLIK KATAR, YILBA\u015eI GECES\u0130N\u0130N EN G\u00dcZEL TAMAMLAYICISI OLUR.<\/p>\n<p>\u015eIK CAM KAVANOZU VE BAMBU KAPA\u011eI \u0130LE HEM DEKORAT\u0130F HEM DE KALICI B\u0130R HED\u0130YE SE\u00c7ENE\u011e\u0130D\u0130R.<\/p>\n<p>EV DEKORASYONUNDA, YILBA\u015eI MASALARINDA VE SEVD\u0130KLER\u0130N\u0130ZE \u00d6ZEL HED\u0130YE OLARAK HAR\u0130KA B\u0130R TERC\u0130HT\u0130R.<\/p>\n<p>EL YAPIMI OLDU\u011eU \u0130\u00c7\u0130N HER B\u0130R\u0130 KEND\u0130NE \u00d6ZG\u00dcD\u00dcR VE KUSURSUZ B\u0130R ZARAFET SUNAR.<\/p>\n<p>&nbsp;<\/p>\n<p>T\u00dcM \u00dcR\u00dcNLER\u0130M\u0130Z DO\u011eAL \u0130\u00c7ER\u0130KLERLE \u00dcRET\u0130L\u0130R VE S\u0130PAR\u0130\u015eE \u00d6ZEL D\u00d6K\u00dcL\u00dcR.<\/p>\n<p>NOT: \u00dcR\u00dcNLER EL YAPIMIDIR; BU NEDENLE G\u00d6RSELLERLE B\u0130REB\u0130R UFAK FARKLILIKLAR G\u00d6STEREB\u0130L\u0130R.<\/p>\n","protected":false},"excerpt":{"rendered":"<p>&nbsp; YILBA\u015eI BOMBASI VAN\u0130LYA KOKULU MUM, YEN\u0130 YIL CO\u015eKUSUNU EV\u0130N\u0130ZE TA\u015eIYAN EL YAPIMI \u00d6ZEL TASARIM B\u0130R MUMDUR. YE\u015e\u0130L VE BEYAZ RENK GE\u00c7\u0130\u015eLER\u0130YLE KARLI B\u0130R NOEL KONSEPT\u0130N\u0130 ANDIRIRKEN, \u00dcZER\u0130NDEK\u0130 \u015eEKER KAMASI, HED\u0130YE KUTULARI, \u00c7AM A\u011eACI VE YILBA\u015eI S\u00dcSLER\u0130 \u0130LE TAM B\u0130R G\u00d6RSEL \u015e\u00d6LEN SUNAR. YO\u011eUN VAN\u0130LYA KOKUSUYLA ORTAMA SICAKLIK VE FERAHLIK KATAR, YILBA\u015eI GECES\u0130N\u0130N EN G\u00dcZEL<\/p>\n<div class=\"more-link\">\n             <a href=\"https:\/\/www.bybulut.com\/index.php\/urun\/yilbasi-bombasi-vanilya-kokulu-mum\/\" class=\"btn btn-theme\">Okumaya devam et<i class=\"fa fa-fw fa-long-arrow-right\"><\/i><\/a>\n        <\/div>\n","protected":false},"featured_media":664,"comment_status":"open","ping_status":"closed","template":"","meta":[],"product_brand":[],"product_cat":[16],"product_tag":[],"class_list":{"0":"post-663","1":"product","2":"type-product","3":"status-publish","4":"has-post-thumbnail","6":"product_cat-genel","8":"first","9":"instock","10":"shipping-taxable","11":"purchasable","12":"product-type-simple"},"jetpack_sharing_enabled":true,"_links":{"self":[{"href":"https:\/\/www.bybulut.com\/index.php\/wp-json\/wp\/v2\/product\/663","targetHints":{"allow":["GET"]}}],"collection":[{"href":"https:\/\/www.bybulut.com\/index.php\/wp-json\/wp\/v2\/product"}],"about":[{"href":"https:\/\/www.bybulut.com\/index.php\/wp-json\/wp\/v2\/types\/product"}],"replies":[{"embeddable":true,"href":"https:\/\/www.bybulut.com\/index.php\/wp-json\/wp\/v2\/comments?post=663"}],"wp:featuredmedia":[{"embeddable":true,"href":"https:\/\/www.bybulut.com\/index.php\/wp-json\/wp\/v2\/media\/664"}],"wp:attachment":[{"href":"https:\/\/www.bybulut.com\/index.php\/wp-json\/wp\/v2\/media?parent=663"}],"wp:term":[{"taxonomy":"product_brand","embeddable":true,"href":"https:\/\/www.bybulut.com\/index.php\/wp-json\/wp\/v2\/product_brand?post=663"},{"taxonomy":"product_cat","embeddable":true,"href":"https:\/\/www.bybulut.com\/index.php\/wp-json\/wp\/v2\/product_cat?post=663"},{"taxonomy":"product_tag","embeddable":true,"href":"https:\/\/www.bybulut.com\/index.php\/wp-json\/wp\/v2\/product_tag?post=663"}],"curies":[{"name":"wp","href":"https:\/\/api.w.org\/{rel}","templated":true}]}}