{"id":90,"date":"2025-04-04T01:34:56","date_gmt":"2025-04-03T22:34:56","guid":{"rendered":"https:\/\/www.bybulut.com\/?post_type=product&#038;p=90"},"modified":"2026-04-07T15:36:11","modified_gmt":"2026-04-07T12:36:11","slug":"ice-latte","status":"publish","type":"product","link":"https:\/\/www.bybulut.com\/index.php\/urun\/ice-latte\/","title":{"rendered":"ICE LATTE"},"content":{"rendered":"<p>%100 EL YAPIMI KAHVE AROMALI ICED LATTE MUM<br \/>\nFERAHLATICI KAHVE KOKUSUYLA ORTAMLARINIZA TAZEL\u0130K KATIN.<br \/>\n\u0130\u00c7ER\u0130\u011e\u0130NDE SOYA WAXVE PARAF\u0130N KULLANILMI\u015eTIR VE TAMAMEN DO\u011eAL MALZEMELERLE \u00dcRET\u0130LM\u0130\u015eT\u0130R.<br \/>\nESTET\u0130K G\u00d6R\u00dcN\u00dcM\u00dcYLE DEKORAT\u0130F AMA\u00c7LI DA KULLANILAB\u0130L\u0130R.<br \/>\nMUM \u00dcZER\u0130NDE EL YAPIMI S\u00dcSLER BULUNMAKTADIR.<br \/>\nKOKUSUYLA RUHUNUZU D\u0130NLEND\u0130R\u0130R, EV\u0130N\u0130ZE SICAKLIK KATAR.<br \/>\nBULUT TASARIM KAL\u0130TES\u0130YLE HAZIRLANAN BU \u00d6ZEL MUM, SEVD\u0130KLER\u0130N\u0130ZE HEM \u015eIK HEM ANLAMLI B\u0130R HED\u0130YE OLACAK.<\/p>\n<p>&nbsp;<\/p>\n<p>T\u00dcM MUMLARIMIZ DO\u011eAL \u0130\u00c7ER\u0130KLERLE \u00dcRET\u0130L\u0130R VE S\u0130PAR\u0130\u015eE \u00d6ZEL D\u00d6K\u00dcL\u00dcR.<\/p>\n<p>NOT: \u00dcR\u00dcNLER EL YAPIMIDIR; BU NEDENLE G\u00d6RSELLERLE B\u0130REB\u0130R UFAK FARKLILIKLAR G\u00d6STEREB\u0130L\u0130R.<\/p>\n","protected":false},"excerpt":{"rendered":"<p>%100 EL YAPIMI KAHVE AROMALI ICED LATTE MUM<\/p>\n","protected":false},"featured_media":578,"comment_status":"open","ping_status":"closed","template":"","meta":[],"product_brand":[],"product_cat":[16],"product_tag":[],"class_list":{"0":"post-90","1":"product","2":"type-product","3":"status-publish","4":"has-post-thumbnail","6":"product_cat-genel","8":"first","9":"instock","10":"purchasable","11":"product-type-simple"},"jetpack_sharing_enabled":true,"_links":{"self":[{"href":"https:\/\/www.bybulut.com\/index.php\/wp-json\/wp\/v2\/product\/90","targetHints":{"allow":["GET"]}}],"collection":[{"href":"https:\/\/www.bybulut.com\/index.php\/wp-json\/wp\/v2\/product"}],"about":[{"href":"https:\/\/www.bybulut.com\/index.php\/wp-json\/wp\/v2\/types\/product"}],"replies":[{"embeddable":true,"href":"https:\/\/www.bybulut.com\/index.php\/wp-json\/wp\/v2\/comments?post=90"}],"wp:featuredmedia":[{"embeddable":true,"href":"https:\/\/www.bybulut.com\/index.php\/wp-json\/wp\/v2\/media\/578"}],"wp:attachment":[{"href":"https:\/\/www.bybulut.com\/index.php\/wp-json\/wp\/v2\/media?parent=90"}],"wp:term":[{"taxonomy":"product_brand","embeddable":true,"href":"https:\/\/www.bybulut.com\/index.php\/wp-json\/wp\/v2\/product_brand?post=90"},{"taxonomy":"product_cat","embeddable":true,"href":"https:\/\/www.bybulut.com\/index.php\/wp-json\/wp\/v2\/product_cat?post=90"},{"taxonomy":"product_tag","embeddable":true,"href":"https:\/\/www.bybulut.com\/index.php\/wp-json\/wp\/v2\/product_tag?post=90"}],"curies":[{"name":"wp","href":"https:\/\/api.w.org\/{rel}","templated":true}]}}